{"id":6,"date":"2025-05-09T13:54:00","date_gmt":"2025-05-09T13:54:00","guid":{"rendered":"https:\/\/mediqi.cl\/2025\/?page_id=6"},"modified":"2025-05-10T14:37:46","modified_gmt":"2025-05-10T14:37:46","slug":"home","status":"publish","type":"page","link":"https:\/\/mediqi.cl\/2025\/","title":{"rendered":"home"},"content":{"rendered":"\n<div class=\"wp-block-cover alignfull is-light\" style=\"min-height:774px;aspect-ratio:unset;\"><video class=\"wp-block-cover__video-background intrinsic-ignore\" autoplay muted loop playsinline src=\"https:\/\/mediqi.cl\/2025\/wp-content\/uploads\/2025\/05\/VIDEO-INICIO.mp4\" data-object-fit=\"cover\"><\/video><span aria-hidden=\"true\" class=\"wp-block-cover__background has-background-dim-20 has-background-dim\" style=\"background-color:#FFF\"><\/span><div class=\"wp-block-cover__inner-container has-global-padding is-layout-constrained wp-block-cover-is-layout-constrained\">\n<figure class=\"wp-block-image aligncenter size-full is-resized\"><a href=\"https:\/\/mediqi.cl\/2025\/wp-content\/uploads\/2025\/05\/cropped-cropped-logo-cafe.png\"><img loading=\"lazy\" decoding=\"async\" width=\"512\" height=\"512\" src=\"https:\/\/mediqi.cl\/2025\/wp-content\/uploads\/2025\/05\/cropped-cropped-logo-cafe.png\" alt=\"\" class=\"wp-image-15\" style=\"width:216px;height:auto\" srcset=\"https:\/\/mediqi.cl\/2025\/wp-content\/uploads\/2025\/05\/cropped-cropped-logo-cafe.png 512w, https:\/\/mediqi.cl\/2025\/wp-content\/uploads\/2025\/05\/cropped-cropped-logo-cafe-300x300.png 300w, https:\/\/mediqi.cl\/2025\/wp-content\/uploads\/2025\/05\/cropped-cropped-logo-cafe-150x150.png 150w, https:\/\/mediqi.cl\/2025\/wp-content\/uploads\/2025\/05\/cropped-cropped-logo-cafe-270x270.png 270w, https:\/\/mediqi.cl\/2025\/wp-content\/uploads\/2025\/05\/cropped-cropped-logo-cafe-192x192.png 192w, https:\/\/mediqi.cl\/2025\/wp-content\/uploads\/2025\/05\/cropped-cropped-logo-cafe-180x180.png 180w, https:\/\/mediqi.cl\/2025\/wp-content\/uploads\/2025\/05\/cropped-cropped-logo-cafe-32x32.png 32w\" sizes=\"auto, (max-width: 512px) 100vw, 512px\" \/><\/a><\/figure>\n\n\n\n<figure class=\"wp-block-image aligncenter size-full is-resized\"><a href=\"https:\/\/mediqi.cl\/2025\/wp-content\/uploads\/2025\/05\/WEB-CHINA.png\"><img loading=\"lazy\" decoding=\"async\" width=\"735\" height=\"197\" src=\"https:\/\/mediqi.cl\/2025\/wp-content\/uploads\/2025\/05\/WEB-CHINA.png\" alt=\"\" class=\"wp-image-18\" style=\"width:303px;height:auto\" srcset=\"https:\/\/mediqi.cl\/2025\/wp-content\/uploads\/2025\/05\/WEB-CHINA.png 735w, https:\/\/mediqi.cl\/2025\/wp-content\/uploads\/2025\/05\/WEB-CHINA-300x80.png 300w\" sizes=\"auto, (max-width: 735px) 100vw, 735px\" \/><\/a><\/figure>\n\n\n\n<p class=\"has-text-align-center has-text-color has-link-color wp-elements-e987c18ae70dd47356667246bf606ed6\" style=\"color:#a0948a;font-size:clamp(14.642px, 0.915rem + ((1vw - 3.2px) * 0.766), 22px);\"><strong>MEDICINA TRADICIONAL CHINA<\/strong><\/p>\n\n\n\n<div class=\"wp-block-buttons is-content-justification-center is-layout-flex wp-container-core-buttons-is-layout-a89b3969 wp-block-buttons-is-layout-flex\">\n<div class=\"wp-block-button is-style-fill\"><a class=\"wp-block-button__link has-background has-custom-font-size wp-element-button\" href=\"https:\/\/api.whatsapp.com\/message\/FEI7MJLHIFBAF1?autoload=1&amp;app_absent=0\" style=\"background-color:#690b0b;font-size:clamp(14px, 0.875rem + ((1vw - 3.2px) * 0.521), 19px);line-height:1.2\">Agenda tu hora<\/a><\/div>\n<\/div>\n<\/div><\/div>\n\n\n\n<div class=\"wp-block-cover alignfull is-light wp-duotone-unset-1\" style=\"min-height:183px;aspect-ratio:unset;\"><video class=\"wp-block-cover__video-background intrinsic-ignore\" autoplay muted loop playsinline src=\"https:\/\/mediqi.cl\/2025\/wp-content\/uploads\/2025\/05\/LETRAS.mp4\" style=\"object-position:49% 36%\" data-object-fit=\"cover\" data-object-position=\"49% 36%\"><\/video><span aria-hidden=\"true\" class=\"wp-block-cover__background has-background-dim-0 has-background-dim\"><\/span><div class=\"wp-block-cover__inner-container is-layout-flow wp-block-cover-is-layout-flow\">\n<p class=\"has-text-align-center has-large-font-size\"><\/p>\n<\/div><\/div>\n\n\n\n<div class=\"wp-block-group alignfull has-white-background-color has-background has-global-padding is-layout-constrained wp-block-group-is-layout-constrained\">\n<div class=\"wp-block-group has-global-padding is-layout-constrained wp-block-group-is-layout-constrained\" style=\"padding-top:var(--wp--preset--spacing--small);padding-bottom:var(--wp--preset--spacing--small)\">\n<div class=\"wp-block-columns are-vertically-aligned-center @media (max-width: 768px) { .clase-del-elemento display: none; } is-layout-flex wp-container-core-columns-is-layout-c375d253 wp-block-columns-is-layout-flex\">\n<div class=\"wp-block-column is-vertically-aligned-center is-layout-flow wp-block-column-is-layout-flow\">\n<figure class=\"wp-block-image size-full\"><img loading=\"lazy\" decoding=\"async\" width=\"810\" height=\"834\" src=\"https:\/\/mediqi.cl\/2025\/wp-content\/uploads\/2025\/05\/c.png\" alt=\"\" class=\"wp-image-131\" srcset=\"https:\/\/mediqi.cl\/2025\/wp-content\/uploads\/2025\/05\/c.png 810w, https:\/\/mediqi.cl\/2025\/wp-content\/uploads\/2025\/05\/c-291x300.png 291w\" sizes=\"auto, (max-width: 810px) 100vw, 810px\" \/><\/figure>\n<\/div>\n\n\n\n<div class=\"wp-block-column is-vertically-aligned-center is-layout-flow wp-block-column-is-layout-flow\">\n<h2 class=\"wp-block-heading has-text-color has-link-color has-large-font-size wp-elements-ff985d99c813c0097f5fc2bcd11703ba\" style=\"color:#ab3340;line-height:1.1;text-transform:none\">Recupera tu bienestar con un equilibrio profundo y restaurativo.<\/h2>\n\n\n\n<p style=\"line-height:1.3\"><strong>Bienvenido (a) a MediQi,<\/strong> un entorno en el que el cuerpo, la mente y el esp\u00edritu se armonizar para brindarte una experiencia terap\u00e9utica completa. <\/p>\n<\/div>\n<\/div>\n<\/div>\n<\/div>\n\n\n\n<div class=\"wp-block-group alignfull has-white-color has-text-color has-background is-layout-flow wp-block-group-is-layout-flow\" style=\"background-color:#f3ecda;background-image:url(&apos;https:\/\/mediqi.cl\/2025\/wp-content\/uploads\/2025\/05\/WEB-CHINA-2.png&apos;);background-position:77% 52%;background-size:cover;\">\n<div class=\"wp-block-group has-global-padding is-layout-constrained wp-container-core-group-is-layout-3a820303 wp-block-group-is-layout-constrained\" style=\"padding-right:var(--wp--preset--spacing--small);padding-left:var(--wp--preset--spacing--small)\">\n<div style=\"height:48px\" aria-hidden=\"true\" class=\"wp-block-spacer wp-embed-aspect-16-9 wp-has-aspect-ratio\"><\/div>\n\n\n\n<h2 class=\"wp-block-heading has-text-align-center wp-embed-aspect-16-9 wp-has-aspect-ratio has-text-color\" id=\"inspiro-is-a-digital-product-agency-that-focuses-on-strategy-and-design\" style=\"color:#6f5c45;font-size:clamp(16.834px, 1.052rem + ((1vw - 3.2px) * 0.955), 26px);font-style:normal;font-weight:700;line-height:1.3\"><strong>Nuestras especialidades<\/strong><\/h2>\n\n\n\n<div class=\"wp-block-columns is-layout-flex wp-container-core-columns-is-layout-28f84493 wp-block-columns-is-layout-flex\">\n<div class=\"wp-block-column is-layout-flow wp-block-column-is-layout-flow\">\n<figure class=\"wp-block-image aligncenter size-full is-resized\"><a href=\"https:\/\/mediqi.cl\/2025\/wp-content\/uploads\/2025\/05\/acupunyuts.png\"><img loading=\"lazy\" decoding=\"async\" width=\"279\" height=\"213\" src=\"https:\/\/mediqi.cl\/2025\/wp-content\/uploads\/2025\/05\/acupunyuts.png\" alt=\"\" class=\"wp-image-29\" style=\"width:155px;height:auto\"\/><\/a><\/figure>\n\n\n\n<figure class=\"wp-block-image aligncenter size-large is-resized has-custom-border @media (max-width: 768px) {  .clase-del-elemento display: none; }\"><a href=\"https:\/\/mediqi.cl\/2025\/wp-content\/uploads\/2025\/05\/16.jpg\"><img loading=\"lazy\" decoding=\"async\" width=\"1024\" height=\"576\" src=\"https:\/\/mediqi.cl\/2025\/wp-content\/uploads\/2025\/05\/16-1024x576.jpg\" alt=\"\" class=\"wp-image-34\" style=\"border-style:none;border-width:0px;border-radius:43px;width:229px;height:auto\" srcset=\"https:\/\/mediqi.cl\/2025\/wp-content\/uploads\/2025\/05\/16-1024x576.jpg 1024w, https:\/\/mediqi.cl\/2025\/wp-content\/uploads\/2025\/05\/16-300x169.jpg 300w, https:\/\/mediqi.cl\/2025\/wp-content\/uploads\/2025\/05\/16.jpg 1920w\" sizes=\"auto, (max-width: 1024px) 100vw, 1024px\" \/><\/a><\/figure>\n\n\n\n<h3 class=\"wp-block-heading has-text-align-center has-text-color has-link-color has-medium-font-size wp-elements-65fafe70026954a21ead8a3fc67f2114\" style=\"color:#454548;line-height:1.2\">Acupuntura y Moxibusti\u00f3n<\/h3>\n\n\n\n<p class=\"has-text-align-center has-text-color\" style=\"color:#676363;line-height:1.2\">Restara el flujo energ\u00e9tico y alivia el dolor de manera eficaz.<\/p>\n<\/div>\n\n\n\n<div class=\"wp-block-column is-layout-flow wp-block-column-is-layout-flow\">\n<figure class=\"wp-block-image aligncenter size-full is-resized\"><a href=\"https:\/\/mediqi.cl\/2025\/wp-content\/uploads\/2025\/05\/tuina.png\"><img loading=\"lazy\" decoding=\"async\" width=\"328\" height=\"225\" src=\"https:\/\/mediqi.cl\/2025\/wp-content\/uploads\/2025\/05\/tuina.png\" alt=\"\" class=\"wp-image-30\" style=\"width:165px;height:auto\" srcset=\"https:\/\/mediqi.cl\/2025\/wp-content\/uploads\/2025\/05\/tuina.png 328w, https:\/\/mediqi.cl\/2025\/wp-content\/uploads\/2025\/05\/tuina-300x206.png 300w\" sizes=\"auto, (max-width: 328px) 100vw, 328px\" \/><\/a><\/figure>\n\n\n\n<figure class=\"wp-block-image aligncenter size-large is-resized has-custom-border @media (max-width: 768px) {  .clase-del-elemento display: none; }\"><a href=\"https:\/\/mediqi.cl\/2025\/wp-content\/uploads\/2025\/05\/17.jpg\"><img loading=\"lazy\" decoding=\"async\" width=\"1024\" height=\"576\" src=\"https:\/\/mediqi.cl\/2025\/wp-content\/uploads\/2025\/05\/17-1024x576.jpg\" alt=\"\" class=\"wp-image-35\" style=\"border-style:none;border-width:0px;border-radius:43px;width:229px;height:auto\" srcset=\"https:\/\/mediqi.cl\/2025\/wp-content\/uploads\/2025\/05\/17-1024x576.jpg 1024w, https:\/\/mediqi.cl\/2025\/wp-content\/uploads\/2025\/05\/17-300x169.jpg 300w, https:\/\/mediqi.cl\/2025\/wp-content\/uploads\/2025\/05\/17.jpg 1920w\" sizes=\"auto, (max-width: 1024px) 100vw, 1024px\" \/><\/a><\/figure>\n\n\n\n<h3 class=\"wp-block-heading has-text-align-center has-text-color has-medium-font-size\" style=\"color:#454548;line-height:1.2\">Masaje Terap\u00e9utico Tuina<\/h3>\n\n\n\n<p class=\"has-text-align-center has-text-color\" style=\"color:#676363;line-height:1.2\">Una t\u00e9cnica milenaria que libera tensiones y equilibra la energ\u00eda vital.<\/p>\n<\/div>\n\n\n\n<div class=\"wp-block-column is-layout-flow wp-block-column-is-layout-flow\">\n<figure class=\"wp-block-image aligncenter size-full is-resized\"><a href=\"https:\/\/mediqi.cl\/2025\/wp-content\/uploads\/2025\/05\/qigong.png\"><img loading=\"lazy\" decoding=\"async\" width=\"368\" height=\"215\" src=\"https:\/\/mediqi.cl\/2025\/wp-content\/uploads\/2025\/05\/qigong.png\" alt=\"\" class=\"wp-image-31\" style=\"width:188px;height:auto\" srcset=\"https:\/\/mediqi.cl\/2025\/wp-content\/uploads\/2025\/05\/qigong.png 368w, https:\/\/mediqi.cl\/2025\/wp-content\/uploads\/2025\/05\/qigong-300x175.png 300w\" sizes=\"auto, (max-width: 368px) 100vw, 368px\" \/><\/a><\/figure>\n\n\n\n<figure class=\"wp-block-image aligncenter size-large is-resized has-custom-border @media (max-width: 768px) {  .clase-del-elemento display: none; }\"><a href=\"https:\/\/mediqi.cl\/2025\/wp-content\/uploads\/2025\/05\/18.jpg\"><img loading=\"lazy\" decoding=\"async\" width=\"1024\" height=\"576\" src=\"https:\/\/mediqi.cl\/2025\/wp-content\/uploads\/2025\/05\/18-1024x576.jpg\" alt=\"\" class=\"wp-image-36\" style=\"border-style:none;border-width:0px;border-radius:43px;width:213px;height:auto\" srcset=\"https:\/\/mediqi.cl\/2025\/wp-content\/uploads\/2025\/05\/18-1024x576.jpg 1024w, https:\/\/mediqi.cl\/2025\/wp-content\/uploads\/2025\/05\/18-300x169.jpg 300w, https:\/\/mediqi.cl\/2025\/wp-content\/uploads\/2025\/05\/18.jpg 1920w\" sizes=\"auto, (max-width: 1024px) 100vw, 1024px\" \/><\/a><\/figure>\n\n\n\n<h3 class=\"wp-block-heading has-text-align-center has-text-color has-medium-font-size\" style=\"color:#454548;line-height:1.2\">Qigong y Ejercicios de Respiraci\u00f3n<\/h3>\n\n\n\n<p class=\"has-text-align-center has-text-color\" style=\"color:#676363;line-height:1.2\">Fortalece el cuerpo y la mente a trav\u00e9s de movimientos conscientes.<\/p>\n<\/div>\n\n\n\n<div class=\"wp-block-column is-layout-flow wp-block-column-is-layout-flow\">\n<figure class=\"wp-block-image aligncenter size-full is-resized\"><a href=\"https:\/\/mediqi.cl\/2025\/wp-content\/uploads\/2025\/05\/fehabulkita.png\"><img loading=\"lazy\" decoding=\"async\" width=\"327\" height=\"209\" src=\"https:\/\/mediqi.cl\/2025\/wp-content\/uploads\/2025\/05\/fehabulkita.png\" alt=\"\" class=\"wp-image-33\" style=\"width:158px;height:auto\" srcset=\"https:\/\/mediqi.cl\/2025\/wp-content\/uploads\/2025\/05\/fehabulkita.png 327w, https:\/\/mediqi.cl\/2025\/wp-content\/uploads\/2025\/05\/fehabulkita-300x192.png 300w\" sizes=\"auto, (max-width: 327px) 100vw, 327px\" \/><\/a><\/figure>\n\n\n\n<figure class=\"wp-block-image aligncenter size-large is-resized has-custom-border @media (max-width: 768px) {  .clase-del-elemento display: none; }\"><a href=\"https:\/\/mediqi.cl\/2025\/wp-content\/uploads\/2025\/05\/WEB-CHINA-1.jpg\"><img loading=\"lazy\" decoding=\"async\" width=\"1024\" height=\"576\" src=\"https:\/\/mediqi.cl\/2025\/wp-content\/uploads\/2025\/05\/WEB-CHINA-1-1024x576.jpg\" alt=\"\" class=\"wp-image-37\" style=\"border-style:none;border-width:0px;border-radius:43px;width:213px;height:auto\" srcset=\"https:\/\/mediqi.cl\/2025\/wp-content\/uploads\/2025\/05\/WEB-CHINA-1-1024x576.jpg 1024w, https:\/\/mediqi.cl\/2025\/wp-content\/uploads\/2025\/05\/WEB-CHINA-1-300x169.jpg 300w, https:\/\/mediqi.cl\/2025\/wp-content\/uploads\/2025\/05\/WEB-CHINA-1.jpg 1440w\" sizes=\"auto, (max-width: 1024px) 100vw, 1024px\" \/><\/a><\/figure>\n\n\n\n<h3 class=\"wp-block-heading has-text-align-center has-text-color has-medium-font-size\" style=\"color:#454548;line-height:1.2\">Rehabilitaci\u00f3n Osteomuscular<\/h3>\n\n\n\n<p class=\"has-text-align-center has-text-color\" style=\"color:#676363;line-height:1.2\">Recupera la movilidad y mejora tu calidad de vida. <\/p>\n<\/div>\n<\/div>\n\n\n\n<div style=\"height:84px\" aria-hidden=\"true\" class=\"wp-block-spacer wp-embed-aspect-16-9 wp-has-aspect-ratio\"><\/div>\n<\/div>\n<\/div>\n\n\n\n<div class=\"wp-block-group alignfull has-white-color has-text-color has-background is-layout-flow wp-block-group-is-layout-flow\" style=\"background-color:#f3ecda;background-image:url(&apos;https:\/\/mediqi.cl\/2025\/wp-content\/uploads\/2025\/05\/WEB-CHINA-2.png&apos;);background-position:64% 37%;background-size:cover;\">\n<div class=\"wp-block-group has-global-padding is-layout-constrained wp-container-core-group-is-layout-3a820303 wp-block-group-is-layout-constrained\" style=\"padding-right:var(--wp--preset--spacing--small);padding-left:var(--wp--preset--spacing--small)\">\n<div style=\"height:48px\" aria-hidden=\"true\" class=\"wp-block-spacer wp-embed-aspect-16-9 wp-has-aspect-ratio\"><\/div>\n\n\n\n<figure class=\"wp-block-image aligncenter size-full is-resized @media (max-width: 768px) {  .clase-del-elemento display: none; }\"><a href=\"https:\/\/mediqi.cl\/2025\/wp-content\/uploads\/2025\/05\/marinolytet.png\"><img loading=\"lazy\" decoding=\"async\" width=\"819\" height=\"828\" src=\"https:\/\/mediqi.cl\/2025\/wp-content\/uploads\/2025\/05\/marinolytet.png\" alt=\"\" class=\"wp-image-39\" style=\"width:237px;height:auto\" srcset=\"https:\/\/mediqi.cl\/2025\/wp-content\/uploads\/2025\/05\/marinolytet.png 819w, https:\/\/mediqi.cl\/2025\/wp-content\/uploads\/2025\/05\/marinolytet-297x300.png 297w\" sizes=\"auto, (max-width: 819px) 100vw, 819px\" \/><\/a><\/figure>\n\n\n\n<p class=\"has-text-align-center has-primary-color has-text-color has-link-color wp-elements-8f5e0f46b1939eb1f356355cd3a5dce8\" style=\"font-size:clamp(14px, 0.875rem + ((1vw - 3.2px) * 0.625), 20px);line-height:1.3\">Hola, soy <strong>Marinoly V\u00e1squez,<\/strong> terapeuta en Medicina Tradicional China con m\u00e1s de 20 a\u00f1os de experiencia. <\/p>\n\n\n\n<p class=\"has-text-align-center has-primary-color has-text-color has-link-color wp-elements-329dd3f2915a141c2627443a7e3da8ae\" style=\"font-size:clamp(14px, 0.875rem + ((1vw - 3.2px) * 0.625), 20px);line-height:1.3\">Mi misi\u00f3n es guiar a cada persona hacia una salud plena y sostenible, combinando los principios ancestrales de esta disciplina con un enfoque c\u00e1lido y personalizado.<\/p>\n\n\n\n<div class=\"wp-block-buttons is-content-justification-center is-layout-flex wp-container-core-buttons-is-layout-a89b3969 wp-block-buttons-is-layout-flex\">\n<div class=\"wp-block-button\"><a class=\"wp-block-button__link wp-element-button\" href=\"https:\/\/mediqi.cl\/2025\/sobremi\/\" style=\"line-height:1.1\">Conoce m\u00e1s aqu\u00ed<\/a><\/div>\n<\/div>\n\n\n\n<div style=\"height:54px\" aria-hidden=\"true\" class=\"wp-block-spacer wp-embed-aspect-16-9 wp-has-aspect-ratio\"><\/div>\n\n\n\n<div style=\"height:26px\" aria-hidden=\"true\" class=\"wp-block-spacer wp-embed-aspect-16-9 wp-has-aspect-ratio\"><\/div>\n<\/div>\n<\/div>\n\n\n\n<div style=\"height:47px\" aria-hidden=\"true\" class=\"wp-block-spacer\"><\/div>\n\n\n\n<div class=\"wp-block-group has-global-padding is-layout-constrained wp-block-group-is-layout-constrained\">\n<div class=\"wp-block-columns are-vertically-aligned-center is-layout-flex wp-container-core-columns-is-layout-28f84493 wp-block-columns-is-layout-flex\">\n<div class=\"wp-block-column is-vertically-aligned-center is-layout-flow wp-block-column-is-layout-flow\">\n<h2 class=\"wp-block-heading has-large-font-size\" style=\"font-style:normal;font-weight:700\">Cont\u00e1ctanos<\/h2>\n\n\n\n<p style=\"font-size:clamp(0.875em, 0.875rem + ((1vw - 0.2em) * 0.375), 1.1em);line-height:1.2\">1\/2 Oriente. 831, 2420000<br>Vi\u00f1a del Mar, Valpara\u00edso Chile<\/p>\n\n\n\n<p style=\"font-size:clamp(0.875em, 0.875rem + ((1vw - 0.2em) * 0.375), 1.1em);line-height:1.3\">Tel\u00e9fono: <a href=\"tel:56955301295\">+56 9 5530 1295<\/a><br>Email: <a href=\"mailto:example@example.com\">info@medici.cl<\/a><\/p>\n\n\n\n<ul class=\"wp-block-social-links has-icon-color is-style-logos-only is-layout-flex wp-block-social-links-is-layout-flex\"><li style=\"color:#000000;\" class=\"wp-social-link wp-social-link-facebook has-black-color wp-block-social-link\"><a href=\"https:\/\/www.facebook.com\/mediqiclinicademedicinatradicionalchina\/?locale=es_LA\" class=\"wp-block-social-link-anchor\"><svg width=\"24\" height=\"24\" viewBox=\"0 0 24 24\" version=\"1.1\" xmlns=\"http:\/\/www.w3.org\/2000\/svg\" aria-hidden=\"true\" focusable=\"false\"><path d=\"M12 2C6.5 2 2 6.5 2 12c0 5 3.7 9.1 8.4 9.9v-7H7.9V12h2.5V9.8c0-2.5 1.5-3.9 3.8-3.9 1.1 0 2.2.2 2.2.2v2.5h-1.3c-1.2 0-1.6.8-1.6 1.6V12h2.8l-.4 2.9h-2.3v7C18.3 21.1 22 17 22 12c0-5.5-4.5-10-10-10z\"><\/path><\/svg><span class=\"wp-block-social-link-label screen-reader-text\">Facebook<\/span><\/a><\/li>\n\n<li style=\"color:#000000;\" class=\"wp-social-link wp-social-link-instagram has-black-color wp-block-social-link\"><a href=\"https:\/\/www.instagram.com\/mediqi_clinica\/\" class=\"wp-block-social-link-anchor\"><svg width=\"24\" height=\"24\" viewBox=\"0 0 24 24\" version=\"1.1\" xmlns=\"http:\/\/www.w3.org\/2000\/svg\" aria-hidden=\"true\" focusable=\"false\"><path d=\"M12,4.622c2.403,0,2.688,0.009,3.637,0.052c0.877,0.04,1.354,0.187,1.671,0.31c0.42,0.163,0.72,0.358,1.035,0.673 c0.315,0.315,0.51,0.615,0.673,1.035c0.123,0.317,0.27,0.794,0.31,1.671c0.043,0.949,0.052,1.234,0.052,3.637 s-0.009,2.688-0.052,3.637c-0.04,0.877-0.187,1.354-0.31,1.671c-0.163,0.42-0.358,0.72-0.673,1.035 c-0.315,0.315-0.615,0.51-1.035,0.673c-0.317,0.123-0.794,0.27-1.671,0.31c-0.949,0.043-1.233,0.052-3.637,0.052 s-2.688-0.009-3.637-0.052c-0.877-0.04-1.354-0.187-1.671-0.31c-0.42-0.163-0.72-0.358-1.035-0.673 c-0.315-0.315-0.51-0.615-0.673-1.035c-0.123-0.317-0.27-0.794-0.31-1.671C4.631,14.688,4.622,14.403,4.622,12 s0.009-2.688,0.052-3.637c0.04-0.877,0.187-1.354,0.31-1.671c0.163-0.42,0.358-0.72,0.673-1.035 c0.315-0.315,0.615-0.51,1.035-0.673c0.317-0.123,0.794-0.27,1.671-0.31C9.312,4.631,9.597,4.622,12,4.622 M12,3 C9.556,3,9.249,3.01,8.289,3.054C7.331,3.098,6.677,3.25,6.105,3.472C5.513,3.702,5.011,4.01,4.511,4.511 c-0.5,0.5-0.808,1.002-1.038,1.594C3.25,6.677,3.098,7.331,3.054,8.289C3.01,9.249,3,9.556,3,12c0,2.444,0.01,2.751,0.054,3.711 c0.044,0.958,0.196,1.612,0.418,2.185c0.23,0.592,0.538,1.094,1.038,1.594c0.5,0.5,1.002,0.808,1.594,1.038 c0.572,0.222,1.227,0.375,2.185,0.418C9.249,20.99,9.556,21,12,21s2.751-0.01,3.711-0.054c0.958-0.044,1.612-0.196,2.185-0.418 c0.592-0.23,1.094-0.538,1.594-1.038c0.5-0.5,0.808-1.002,1.038-1.594c0.222-0.572,0.375-1.227,0.418-2.185 C20.99,14.751,21,14.444,21,12s-0.01-2.751-0.054-3.711c-0.044-0.958-0.196-1.612-0.418-2.185c-0.23-0.592-0.538-1.094-1.038-1.594 c-0.5-0.5-1.002-0.808-1.594-1.038c-0.572-0.222-1.227-0.375-2.185-0.418C14.751,3.01,14.444,3,12,3L12,3z M12,7.378 c-2.552,0-4.622,2.069-4.622,4.622S9.448,16.622,12,16.622s4.622-2.069,4.622-4.622S14.552,7.378,12,7.378z M12,15 c-1.657,0-3-1.343-3-3s1.343-3,3-3s3,1.343,3,3S13.657,15,12,15z M16.804,6.116c-0.596,0-1.08,0.484-1.08,1.08 s0.484,1.08,1.08,1.08c0.596,0,1.08-0.484,1.08-1.08S17.401,6.116,16.804,6.116z\"><\/path><\/svg><span class=\"wp-block-social-link-label screen-reader-text\">Instagram<\/span><\/a><\/li><\/ul>\n<\/div>\n\n\n\n<div class=\"wp-block-column is-vertically-aligned-center is-layout-flow wp-block-column-is-layout-flow\">\n<div style=\"height:68px\" aria-hidden=\"true\" class=\"wp-block-spacer\"><\/div>\n\n\n\n<iframe src=\"https:\/\/www.google.com\/maps\/embed?pb=!1m18!1m12!1m3!1d3345.6064475762546!2d-71.55176442440404!3d-33.01414977530096!2m3!1f0!2f0!3f0!3m2!1i1024!2i768!4f13.1!3m3!1m2!1s0x9689dde7f3aa01d9%3A0x49cf2e212711b842!2s1%2F2%20Ote.%20831%2C%20Vi%C3%B1a%20del%20Mar%2C%20Valpara%C3%ADso%2C%20Chile!5e0!3m2!1ses!2sfr!4v1746805596054!5m2!1ses!2sfr\" width=\"600\" height=\"450\" style=\"border:0;\" allowfullscreen=\"\" loading=\"lazy\" referrerpolicy=\"no-referrer-when-downgrade\"><\/iframe>\n<\/div>\n<\/div>\n<\/div>\n\n\n\n<div style=\"height:100px\" aria-hidden=\"true\" class=\"wp-block-spacer\"><\/div>\n\n\n\n<p><\/p>\n","protected":false},"excerpt":{"rendered":"<p>Recupera tu bienestar con un equilibrio profundo y restaurativo. Bienvenido (a) a MediQi, un entorno en el que el cuerpo, la mente y el esp\u00edritu se armonizar para brindarte una experiencia terap\u00e9utica completa. Nuestras especialidades Acupuntura y Moxibusti\u00f3n Restara el flujo energ\u00e9tico y alivia el dolor de manera eficaz. Masaje Terap\u00e9utico Tuina Una t\u00e9cnica milenaria &hellip; <\/p>\n<p class=\"link-more\"><a href=\"https:\/\/mediqi.cl\/2025\/\" class=\"more-link\">Leer m\u00e1s<span class=\"screen-reader-text\"> \u00abhome\u00bb<\/span><\/a><\/p>\n","protected":false},"author":3,"featured_media":0,"parent":0,"menu_order":0,"comment_status":"closed","ping_status":"closed","template":"","meta":{"footnotes":""},"class_list":["post-6","page","type-page","status-publish","hentry"],"_links":{"self":[{"href":"https:\/\/mediqi.cl\/2025\/wp-json\/wp\/v2\/pages\/6","targetHints":{"allow":["GET"]}}],"collection":[{"href":"https:\/\/mediqi.cl\/2025\/wp-json\/wp\/v2\/pages"}],"about":[{"href":"https:\/\/mediqi.cl\/2025\/wp-json\/wp\/v2\/types\/page"}],"author":[{"embeddable":true,"href":"https:\/\/mediqi.cl\/2025\/wp-json\/wp\/v2\/users\/3"}],"replies":[{"embeddable":true,"href":"https:\/\/mediqi.cl\/2025\/wp-json\/wp\/v2\/comments?post=6"}],"version-history":[{"count":49,"href":"https:\/\/mediqi.cl\/2025\/wp-json\/wp\/v2\/pages\/6\/revisions"}],"predecessor-version":[{"id":219,"href":"https:\/\/mediqi.cl\/2025\/wp-json\/wp\/v2\/pages\/6\/revisions\/219"}],"wp:attachment":[{"href":"https:\/\/mediqi.cl\/2025\/wp-json\/wp\/v2\/media?parent=6"}],"curies":[{"name":"wp","href":"https:\/\/api.w.org\/{rel}","templated":true}]}}