{"id":73,"date":"2025-05-10T08:13:26","date_gmt":"2025-05-10T08:13:26","guid":{"rendered":"https:\/\/mediqi.cl\/2025\/?page_id=73"},"modified":"2025-05-10T14:49:55","modified_gmt":"2025-05-10T14:49:55","slug":"sobremi","status":"publish","type":"page","link":"https:\/\/mediqi.cl\/2025\/sobremi\/","title":{"rendered":"Sobre m\u00ed"},"content":{"rendered":"\n<div class=\"wp-block-cover alignfull is-light has-parallax\" style=\"min-height:468px;aspect-ratio:unset;\"><div class=\"wp-block-cover__image-background wp-image-75 size-large has-parallax\" style=\"background-position:50% 50%;background-image:url(https:\/\/mediqi.cl\/2025\/wp-content\/uploads\/2025\/05\/WEB-CHINA-1024x576.jpg)\"><\/div><span aria-hidden=\"true\" class=\"wp-block-cover__background has-background-dim\" style=\"background-color:#804a15\"><\/span><div class=\"wp-block-cover__inner-container is-layout-flow wp-block-cover-is-layout-flow\">\n<p class=\"has-text-align-center has-white-color has-text-color\" style=\"font-size:clamp(37.821px, 2.364rem + ((1vw - 3.2px) * 3.352), 70px);font-style:normal;font-weight:900\"><strong>Sobre m\u00ed<\/strong><\/p>\n\n\n\n<p class=\"has-text-align-center has-white-color has-text-color has-medium-font-size\" style=\"letter-spacing:1px\">\u201cUn recorrido entre lo ancestral y lo moderno, con un enfoque \u00e9tico y emp\u00e1tico\u201d.<\/p>\n\n\n\n<div class=\"wp-block-buttons is-content-justification-center is-layout-flex wp-container-core-buttons-is-layout-a89b3969 wp-block-buttons-is-layout-flex\"><\/div>\n<\/div><\/div>\n\n\n\n<div class=\"wp-block-columns are-vertically-aligned-center is-layout-flex wp-container-core-columns-is-layout-c375d253 wp-block-columns-is-layout-flex\">\n<div class=\"wp-block-column is-vertically-aligned-center is-layout-flow wp-block-column-is-layout-flow\">\n<figure class=\"wp-block-image size-full is-resized @media (max-width: 768px) {  .clase-del-elemento display: none; }\"><img loading=\"lazy\" decoding=\"async\" width=\"989\" height=\"810\" src=\"https:\/\/mediqi.cl\/2025\/wp-content\/uploads\/2025\/05\/WEB-CHINAxaa.png\" alt=\"\" class=\"wp-image-78\" style=\"aspect-ratio:1;object-fit:cover;width:489px;height:auto\" srcset=\"https:\/\/mediqi.cl\/2025\/wp-content\/uploads\/2025\/05\/WEB-CHINAxaa.png 989w, https:\/\/mediqi.cl\/2025\/wp-content\/uploads\/2025\/05\/WEB-CHINAxaa-300x246.png 300w\" sizes=\"auto, (max-width: 989px) 100vw, 989px\" \/><\/figure>\n<\/div>\n\n\n\n<div class=\"wp-block-column is-vertically-aligned-center is-layout-flow wp-block-column-is-layout-flow\">\n<h2 class=\"wp-block-heading has-text-align-center has-text-color has-link-color has-large-font-size wp-elements-39b62508a35ea3241184a6dcaf3e2c79\" style=\"color:#ab3340;line-height:1.1;text-transform:none\">\u8eab\u5fc3\u5408\u4e00\uff1a\u6211\u7684\u533b\u5b66\u4e4b\u8def<\/h2>\n\n\n\n<p class=\"has-text-align-center\" style=\"line-height:1.3\">MI camino inici\u00f3 a trav\u00e9s de las artes marciales chinas, donde descubr\u00ed que exist\u00eda un saber profundo detr\u00e1s de la conexi\u00f3n mente-cuerpo. Con el tiempo, me sumerg\u00ed en el estudio de la Medicina Tradicional China, viajando a prestigiosas universidades en China y participando en proyectos de salud p\u00fablica en Chile.<\/p>\n\n\n\n<p class=\"has-text-align-center\" style=\"line-height:1.3\"><br>He aprendido que <strong>la acupuntura, la moxibusti\u00f3n, el masaje Tuina y el Qigong <\/strong>pueden transformar la vida de las personas, promoviendo un equilibrio integral. Este enfoque hol\u00edstico me ha llevado a especializarme en rehabilitaci\u00f3n osteomuscular, secuelas de accidentes cerebrovasculares (ACV) y salud de la mujer.<\/p>\n\n\n\n<p class=\"has-text-align-center\" style=\"line-height:1.3\">.<\/p>\n<\/div>\n<\/div>\n\n\n\n<div class=\"wp-block-cover alignfull is-light\" style=\"min-height:142px;aspect-ratio:unset;\"><video class=\"wp-block-cover__video-background intrinsic-ignore\" autoplay muted loop playsinline src=\"https:\/\/mediqi.cl\/2025\/wp-content\/uploads\/2025\/05\/les-oiseaux.mp4\" data-object-fit=\"cover\"><\/video><span aria-hidden=\"true\" class=\"wp-block-cover__background has-background-dim\" style=\"background-color:#3c2604\"><\/span><div class=\"wp-block-cover__inner-container is-layout-flow wp-block-cover-is-layout-flow\">\n<p class=\"has-text-align-center has-white-color has-text-color has-link-color has-large-font-size wp-elements-787b50df370e7664a1f189f72b72708c\"><strong>Valores y filosof\u00eda de trabajo<\/strong><\/p>\n<\/div><\/div>\n\n\n\n<div class=\"wp-block-cover alignfull is-light\" style=\"min-height:172px;aspect-ratio:unset;\"><img loading=\"lazy\" decoding=\"async\" width=\"1024\" height=\"576\" class=\"wp-block-cover__image-background wp-image-82 size-large\" alt=\"\" src=\"https:\/\/mediqi.cl\/2025\/wp-content\/uploads\/2025\/05\/fond-1024x576.jpg\" data-object-fit=\"cover\" srcset=\"https:\/\/mediqi.cl\/2025\/wp-content\/uploads\/2025\/05\/fond-1024x576.jpg 1024w, https:\/\/mediqi.cl\/2025\/wp-content\/uploads\/2025\/05\/fond-300x169.jpg 300w, https:\/\/mediqi.cl\/2025\/wp-content\/uploads\/2025\/05\/fond.jpg 1440w\" sizes=\"auto, (max-width: 1024px) 100vw, 1024px\" \/><span aria-hidden=\"true\" class=\"wp-block-cover__background has-background-dim\" style=\"background-color:#3c2604\"><\/span><div class=\"wp-block-cover__inner-container has-global-padding is-layout-constrained wp-block-cover-is-layout-constrained\">\n<p class=\"has-text-align-center has-white-color has-text-color has-link-color has-medium-font-size wp-elements-cd514c46f209167e73c3202de6badedf\" style=\"line-height:1.1\">Mi objetivo es acompa\u00f1arte en un proceso de restauraci\u00f3n de tu bienestar, que vaya m\u00e1s all\u00e1 de aliviar s\u00edntomas. Quiero que descubras tu potencial de autocuidado, fortalezcas tu conexi\u00f3n interna y recuperes tu bienestar de manera sostenible.<\/p>\n<\/div><\/div>\n\n\n\n<div class=\"wp-block-columns is-layout-flex wp-container-core-columns-is-layout-28f84493 wp-block-columns-is-layout-flex\">\n<div class=\"wp-block-column is-layout-flow wp-block-column-is-layout-flow\">\n<div class=\"wp-block-media-text is-stacked-on-mobile\"><figure class=\"wp-block-media-text__media\"><img loading=\"lazy\" decoding=\"async\" width=\"683\" height=\"1024\" src=\"https:\/\/mediqi.cl\/2025\/wp-content\/uploads\/2025\/05\/dof-683x1024.png\" alt=\"\" class=\"wp-image-85 size-full\" srcset=\"https:\/\/mediqi.cl\/2025\/wp-content\/uploads\/2025\/05\/dof-683x1024.png 683w, https:\/\/mediqi.cl\/2025\/wp-content\/uploads\/2025\/05\/dof-200x300.png 200w, https:\/\/mediqi.cl\/2025\/wp-content\/uploads\/2025\/05\/dof.png 1024w\" sizes=\"auto, (max-width: 683px) 100vw, 683px\" \/><\/figure><div class=\"wp-block-media-text__content\">\n<p class=\"has-text-color has-link-color wp-elements-875f7cccb3e57fc8374522963d1e46a8\" style=\"color:#ab3340;font-size:clamp(16.834px, 1.052rem + ((1vw - 3.2px) * 0.955), 26px);line-height:1.1\"><strong>\u00c9tica y honestidad<\/strong><\/p>\n\n\n\n<p class=\"has-text-color has-link-color wp-elements-57eb5e5c56e71cc4b9c7616c18893c8b\" style=\"color:#3c2604\"><strong>\u9053\u5fb7\u548c\u8bda\u5b9e<\/strong><\/p>\n\n\n\n<p style=\"line-height:1.2\">Act\u00fao con transparencia y responsabilidad en cada tratamiento.<\/p>\n<\/div><\/div>\n<\/div>\n\n\n\n<div class=\"wp-block-column is-layout-flow wp-block-column-is-layout-flow\">\n<div class=\"wp-block-media-text is-stacked-on-mobile\"><figure class=\"wp-block-media-text__media\"><img loading=\"lazy\" decoding=\"async\" width=\"667\" height=\"1024\" src=\"https:\/\/mediqi.cl\/2025\/wp-content\/uploads\/2025\/05\/iene-667x1024.jpg\" alt=\"\" class=\"wp-image-86 size-full\" srcset=\"https:\/\/mediqi.cl\/2025\/wp-content\/uploads\/2025\/05\/iene-667x1024.jpg 667w, https:\/\/mediqi.cl\/2025\/wp-content\/uploads\/2025\/05\/iene-195x300.jpg 195w, https:\/\/mediqi.cl\/2025\/wp-content\/uploads\/2025\/05\/iene.jpg 703w\" sizes=\"auto, (max-width: 667px) 100vw, 667px\" \/><\/figure><div class=\"wp-block-media-text__content\">\n<p class=\"has-text-color has-link-color wp-elements-950735a381866ddca16e0f88c33acdd1\" style=\"color:#ab3340;font-size:clamp(16.834px, 1.052rem + ((1vw - 3.2px) * 0.955), 26px);line-height:1.1\"><strong>Empat\u00eda<\/strong><\/p>\n\n\n\n<p class=\"has-text-color has-link-color wp-elements-944a9dcbef7121c597da692d60743a4f\" style=\"color:#3c2604;line-height:1.2\"><strong>\u540c\u7406\u5fc3<\/strong><\/p>\n\n\n\n<p style=\"line-height:1.2\">Escucho con atenci\u00f3n para comprender la ra\u00edz de cada problema.<\/p>\n<\/div><\/div>\n<\/div>\n\n\n\n<div class=\"wp-block-column is-layout-flow wp-block-column-is-layout-flow\">\n<div class=\"wp-block-media-text is-stacked-on-mobile\"><figure class=\"wp-block-media-text__media\"><img loading=\"lazy\" decoding=\"async\" width=\"681\" height=\"1024\" src=\"https:\/\/mediqi.cl\/2025\/wp-content\/uploads\/2025\/05\/rrhdr-681x1024.jpg\" alt=\"\" class=\"wp-image-91 size-full\" srcset=\"https:\/\/mediqi.cl\/2025\/wp-content\/uploads\/2025\/05\/rrhdr-681x1024.jpg 681w, https:\/\/mediqi.cl\/2025\/wp-content\/uploads\/2025\/05\/rrhdr-199x300.jpg 199w, https:\/\/mediqi.cl\/2025\/wp-content\/uploads\/2025\/05\/rrhdr.jpg 718w\" sizes=\"auto, (max-width: 681px) 100vw, 681px\" \/><\/figure><div class=\"wp-block-media-text__content\">\n<p class=\"has-text-color has-link-color wp-elements-c0c826b0d7d33685654812c7a4e58035\" style=\"color:#ab3340;font-size:clamp(16.834px, 1.052rem + ((1vw - 3.2px) * 0.955), 26px);line-height:1.1\"><strong>Amor por la vida<\/strong><\/p>\n\n\n\n<p class=\"has-text-color has-link-color wp-elements-01fd815534a4f42abc898d98f678c9de\" style=\"color:#3c2604;line-height:1.2\"><strong>\u70ed\u7231\u751f\u547d<\/strong><\/p>\n\n\n\n<p style=\"line-height:1.2\">Creo firmemente que un estado \u00f3ptimo de salud nos permite disfrutar con plenitud cada instante.<\/p>\n<\/div><\/div>\n<\/div>\n<\/div>\n\n\n\n<div style=\"height:187px\" aria-hidden=\"true\" class=\"wp-block-spacer\"><\/div>\n\n\n\n<p><\/p>\n","protected":false},"excerpt":{"rendered":"<p>\u8eab\u5fc3\u5408\u4e00\uff1a\u6211\u7684\u533b\u5b66\u4e4b\u8def MI camino inici\u00f3 a trav\u00e9s de las artes marciales chinas, donde descubr\u00ed que exist\u00eda un saber profundo detr\u00e1s de la conexi\u00f3n mente-cuerpo. Con el tiempo, me sumerg\u00ed en el estudio de la Medicina Tradicional China, viajando a prestigiosas universidades en China y participando en proyectos de salud p\u00fablica en Chile. He aprendido que la &hellip; <\/p>\n<p class=\"link-more\"><a href=\"https:\/\/mediqi.cl\/2025\/sobremi\/\" class=\"more-link\">Leer m\u00e1s<span class=\"screen-reader-text\"> \u00abSobre m\u00ed\u00bb<\/span><\/a><\/p>\n","protected":false},"author":3,"featured_media":0,"parent":0,"menu_order":0,"comment_status":"closed","ping_status":"closed","template":"","meta":{"footnotes":""},"class_list":["post-73","page","type-page","status-publish","hentry"],"_links":{"self":[{"href":"https:\/\/mediqi.cl\/2025\/wp-json\/wp\/v2\/pages\/73","targetHints":{"allow":["GET"]}}],"collection":[{"href":"https:\/\/mediqi.cl\/2025\/wp-json\/wp\/v2\/pages"}],"about":[{"href":"https:\/\/mediqi.cl\/2025\/wp-json\/wp\/v2\/types\/page"}],"author":[{"embeddable":true,"href":"https:\/\/mediqi.cl\/2025\/wp-json\/wp\/v2\/users\/3"}],"replies":[{"embeddable":true,"href":"https:\/\/mediqi.cl\/2025\/wp-json\/wp\/v2\/comments?post=73"}],"version-history":[{"count":22,"href":"https:\/\/mediqi.cl\/2025\/wp-json\/wp\/v2\/pages\/73\/revisions"}],"predecessor-version":[{"id":226,"href":"https:\/\/mediqi.cl\/2025\/wp-json\/wp\/v2\/pages\/73\/revisions\/226"}],"wp:attachment":[{"href":"https:\/\/mediqi.cl\/2025\/wp-json\/wp\/v2\/media?parent=73"}],"curies":[{"name":"wp","href":"https:\/\/api.w.org\/{rel}","templated":true}]}}